{"id":2583,"date":"2024-02-07T21:09:19","date_gmt":"2024-02-07T20:09:19","guid":{"rendered":"https:\/\/www.tempoprezioso.it\/it\/?page_id=2583"},"modified":"2024-02-07T22:37:35","modified_gmt":"2024-02-07T21:37:35","slug":"collezione-convexe","status":"publish","type":"page","link":"https:\/\/www.tempoprezioso.it\/it\/collezione-convexe\/","title":{"rendered":"Collezione Convexe"},"content":{"rendered":"<div class=\"wpb-content-wrapper\"><p>[vc_section full_width=&#8221;&#8221; css=&#8221;.vc_custom_1588081879529{margin-top: 0px !important;margin-right: 0px !important;margin-bottom: 0px !important;margin-left: 0px !important;border-top-width: 0px !important;border-right-width: 0px !important;border-bottom-width: 0px !important;border-left-width: 0px !important;padding-top: 5px !important;padding-right: 5px !important;padding-bottom: 5px !important;padding-left: 5px !important;border-left-style: solid !important;border-right-style: solid !important;border-top-style: solid !important;border-bottom-style: solid !important;}&#8221;][vc_row full_width=&#8221;&#8221; css=&#8221;.vc_custom_1588071750668{margin-top: 0px !important;margin-right: 0px !important;margin-bottom: 0px !important;margin-left: 0px !important;padding-top: 5px !important;padding-right: 5px !important;padding-bottom: 5px !important;padding-left: 5px !important;}&#8221;][vc_column width=&#8221;1\/2&#8243; css=&#8221;.vc_custom_1588062829148{padding-top: 30px !important;padding-right: 30px !important;padding-bottom: 30px !important;padding-left: 30px !important;}&#8221;][vc_row_inner content_placement=&#8221;middle&#8221; css=&#8221;.vc_custom_1588063095674{padding-top: 40px !important;padding-right: 15px !important;padding-bottom: 15px !important;padding-left: 15px !important;}&#8221;][vc_column_inner][vc_column_text]<\/p>\n<h3 style=\"text-align: center;\">Balancier 3<\/h3>\n<p class=\"p2\" style=\"text-align: center;\">Greubel Forsey ha impiegato quasi 20 anni per intraprendere il viaggio di questa creazione completamente inedita, pi\u00f9 accessibile e dall\u2019identit\u00e0 unica. Per raggiungere questo obiettivo, l\u2019Atelier ha dovuto ripartire da zero.<\/p>\n<p class=\"p2\" style=\"text-align: center;\">Unica nel mondo dell\u2019alta orologeria, la cassa Convexe \u00e8 curva sia lato quadrante che lato fondello. La comodit\u00e0 al polso \u00e8 ottimale proprio perch\u00e9 la creazione ne sposa la curva naturale.<\/p>\n<p>[\/vc_column_text][\/vc_column_inner][\/vc_row_inner][\/vc_column][vc_column width=&#8221;1\/2&#8243; css=&#8221;.vc_custom_1588071679967{margin-top: 5px !important;margin-right: 5px !important;margin-bottom: 5px !important;margin-left: 5px !important;}&#8221;]<div class=\"wpb_content_element   clearfix\"><style type=\"text\/css\">#ut_ig_69e88e78c5b5c .ut-lazy:not(.ut-image-loaded) + .ut-video-module-loading { display:block; }#ut_ig_69e88e78c5b5c .ut-lazy.ut-image-loaded + .ut-video-module-loading { display:none; }<\/style><div id=\"ut_ig_69e88e78c5b5c\" class=\"ut-image-gallery ut-image-gallery-module  clearfix\" data-settings=\"{&quot;animate&quot;:true,&quot;effect&quot;:&quot;&quot;,&quot;lazy&quot;:true,&quot;delay_animation&quot;:false,&quot;global_delay_animation&quot;:false,&quot;delay_timer&quot;:100,&quot;global_delay_timer&quot;:100}\" ><div  data-count=\"1\" class=\"ut-image-gallery-item ut-animation-done grid-100 tablet-grid-100 mobile-grid-100\"><a  class=\"ut-vc-images-lightbox ut-vc-images-lightbox-group-image\"  data-exthumbimage=\"https:\/\/www.tempoprezioso.it\/wp-content\/uploads\/2024\/02\/Balancier3-200x200.jpg\" href=\"https:\/\/www.tempoprezioso.it\/wp-content\/uploads\/2024\/02\/Balancier3.jpg\" ><div class=\"ut-image-gallery-image\" ><img loading=\"lazy\" decoding=\"async\"  class=\" ut-lazy skip-lazy\" src=\"data:image\/svg+xml;charset=utf-8,%3Csvg xmlns%3D'http%3A%2F%2Fwww.w3.org%2F2000%2Fsvg' viewBox%3D'0 0 450 450'%2F%3E\" data-src=\"https:\/\/www.tempoprezioso.it\/wp-content\/uploads\/2024\/02\/Balancier3.jpg\" width=\"450\" height=\"450\"><\/div><\/a><\/div><div class=\"ut-image-gallery-sizer\"><\/div><div class=\"clear\"><\/div><\/div><\/div>[\/vc_column][\/vc_row][vc_row full_width=&#8221;&#8221; css=&#8221;.vc_custom_1588071750668{margin-top: 0px !important;margin-right: 0px !important;margin-bottom: 0px !important;margin-left: 0px !important;padding-top: 5px !important;padding-right: 5px !important;padding-bottom: 5px !important;padding-left: 5px !important;}&#8221;][vc_column width=&#8221;1\/2&#8243; css=&#8221;.vc_custom_1588062829148{padding-top: 30px !important;padding-right: 30px !important;padding-bottom: 30px !important;padding-left: 30px !important;}&#8221;][vc_row_inner content_placement=&#8221;middle&#8221; css=&#8221;.vc_custom_1588063095674{padding-top: 40px !important;padding-right: 15px !important;padding-bottom: 15px !important;padding-left: 15px !important;}&#8221;][vc_column_inner][vc_column_text]<\/p>\n<h3 class=\"p2\" style=\"text-align: center;\">Balancier Convexe S2<\/h3>\n<p class=\"p2\" style=\"text-align: center;\">Greubel Forsey studia ormai da anni il carbonio. Riuscire a dargli forme complesse e architettoniche, con finiture di altissimo livello orologiero, \u00e8 un esercizio che richiede pazienza e maestria tecnica. Oggi vede la luce il nuovo Balancier Convexe S2, una delle creazioni iconiche dell\u2019Atelier.<\/p>\n<p class=\"p2\" style=\"text-align: center;\">Il nuovo diametro di 41,5 mm \u00e8 stato progettato specificamente per il carbonio. \u00c8 un cambiamento importante, immediatamente visibile al polso. Questo segnatempo \u00e8 pi\u00f9 compatto, pi\u00f9 vivace e pi\u00f9 moderno. Il tono molto scuro del carbonio rafforza la percezione di un orologio compatto, che rimane comunque aperto per mostrare il movimento, le complicazioni e le finiture.<\/p>\n<p>[\/vc_column_text][\/vc_column_inner][\/vc_row_inner][\/vc_column][vc_column width=&#8221;1\/2&#8243; css=&#8221;.vc_custom_1588071679967{margin-top: 5px !important;margin-right: 5px !important;margin-bottom: 5px !important;margin-left: 5px !important;}&#8221;]<div class=\"wpb_content_element   clearfix\"><style type=\"text\/css\">#ut_ig_69e88e78c6090 .ut-lazy:not(.ut-image-loaded) + .ut-video-module-loading { display:block; }#ut_ig_69e88e78c6090 .ut-lazy.ut-image-loaded + .ut-video-module-loading { display:none; }<\/style><div id=\"ut_ig_69e88e78c6090\" class=\"ut-image-gallery ut-image-gallery-module  clearfix\" data-settings=\"{&quot;animate&quot;:true,&quot;effect&quot;:&quot;&quot;,&quot;lazy&quot;:true,&quot;delay_animation&quot;:false,&quot;global_delay_animation&quot;:false,&quot;delay_timer&quot;:100,&quot;global_delay_timer&quot;:100}\" ><div  data-count=\"1\" class=\"ut-image-gallery-item ut-animation-done grid-100 tablet-grid-100 mobile-grid-100\"><a  class=\"ut-vc-images-lightbox ut-vc-images-lightbox-group-image\"  data-exthumbimage=\"https:\/\/www.tempoprezioso.it\/wp-content\/uploads\/2024\/02\/BalancierS2-200x200.jpg\" href=\"https:\/\/www.tempoprezioso.it\/wp-content\/uploads\/2024\/02\/BalancierS2.jpg\" ><div class=\"ut-image-gallery-image\" ><img loading=\"lazy\" decoding=\"async\"  class=\" ut-lazy skip-lazy\" src=\"data:image\/svg+xml;charset=utf-8,%3Csvg xmlns%3D'http%3A%2F%2Fwww.w3.org%2F2000%2Fsvg' viewBox%3D'0 0 450 450'%2F%3E\" data-src=\"https:\/\/www.tempoprezioso.it\/wp-content\/uploads\/2024\/02\/BalancierS2.jpg\" width=\"450\" height=\"450\"><\/div><\/a><\/div><div class=\"ut-image-gallery-sizer\"><\/div><div class=\"clear\"><\/div><\/div><\/div>[\/vc_column][\/vc_row][vc_row full_width=&#8221;&#8221; css=&#8221;.vc_custom_1588071750668{margin-top: 0px !important;margin-right: 0px !important;margin-bottom: 0px !important;margin-left: 0px !important;padding-top: 5px !important;padding-right: 5px !important;padding-bottom: 5px !important;padding-left: 5px !important;}&#8221;][vc_column width=&#8221;1\/2&#8243; css=&#8221;.vc_custom_1588062829148{padding-top: 30px !important;padding-right: 30px !important;padding-bottom: 30px !important;padding-left: 30px !important;}&#8221;][vc_row_inner content_placement=&#8221;middle&#8221; css=&#8221;.vc_custom_1588063095674{padding-top: 40px !important;padding-right: 15px !important;padding-bottom: 15px !important;padding-left: 15px !important;}&#8221;][vc_column_inner][vc_column_text]<\/p>\n<h3 class=\"p2\" style=\"text-align: center;\">Double Balancier Convexe<\/h3>\n<p class=\"p2\" style=\"text-align: center;\">Il nuovo Double Balancier Convexe si infila con facilit\u00e0 anche sotto le maniche strette, ed \u00e8 magnifico da sfoggiare con disinvoltura sul polso nudo. A seconda della propria sensibilit\u00e0, ciascun collezionista pu\u00f2 nascondere o rivelare a piacimento il meccanismo del movimento a vista, senza ostentazione.<\/p>\n<p>[\/vc_column_text][\/vc_column_inner][\/vc_row_inner][\/vc_column][vc_column width=&#8221;1\/2&#8243; css=&#8221;.vc_custom_1588071679967{margin-top: 5px !important;margin-right: 5px !important;margin-bottom: 5px !important;margin-left: 5px !important;}&#8221;]<div class=\"wpb_content_element   clearfix\"><style type=\"text\/css\">#ut_ig_69e88e78c63ca .ut-lazy:not(.ut-image-loaded) + .ut-video-module-loading { display:block; }#ut_ig_69e88e78c63ca .ut-lazy.ut-image-loaded + .ut-video-module-loading { display:none; }<\/style><div id=\"ut_ig_69e88e78c63ca\" class=\"ut-image-gallery ut-image-gallery-module  clearfix\" data-settings=\"{&quot;animate&quot;:true,&quot;effect&quot;:&quot;&quot;,&quot;lazy&quot;:true,&quot;delay_animation&quot;:false,&quot;global_delay_animation&quot;:false,&quot;delay_timer&quot;:100,&quot;global_delay_timer&quot;:100}\" ><div  data-count=\"1\" class=\"ut-image-gallery-item ut-animation-done grid-100 tablet-grid-100 mobile-grid-100\"><a  class=\"ut-vc-images-lightbox ut-vc-images-lightbox-group-image\"  data-exthumbimage=\"https:\/\/www.tempoprezioso.it\/wp-content\/uploads\/2024\/02\/Double_balancierConvexe-200x200.jpg\" href=\"https:\/\/www.tempoprezioso.it\/wp-content\/uploads\/2024\/02\/Double_balancierConvexe.jpg\" ><div class=\"ut-image-gallery-image\" ><img loading=\"lazy\" decoding=\"async\"  class=\" ut-lazy skip-lazy\" src=\"data:image\/svg+xml;charset=utf-8,%3Csvg xmlns%3D'http%3A%2F%2Fwww.w3.org%2F2000%2Fsvg' viewBox%3D'0 0 450 450'%2F%3E\" data-src=\"https:\/\/www.tempoprezioso.it\/wp-content\/uploads\/2024\/02\/Double_balancierConvexe.jpg\" width=\"450\" height=\"450\"><\/div><\/a><\/div><div class=\"ut-image-gallery-sizer\"><\/div><div class=\"clear\"><\/div><\/div><\/div>[\/vc_column][\/vc_row][vc_row full_width=&#8221;&#8221; css=&#8221;.vc_custom_1588071750668{margin-top: 0px !important;margin-right: 0px !important;margin-bottom: 0px !important;margin-left: 0px !important;padding-top: 5px !important;padding-right: 5px !important;padding-bottom: 5px !important;padding-left: 5px !important;}&#8221;][vc_column width=&#8221;1\/2&#8243; css=&#8221;.vc_custom_1588062829148{padding-top: 30px !important;padding-right: 30px !important;padding-bottom: 30px !important;padding-left: 30px !important;}&#8221;][vc_row_inner content_placement=&#8221;middle&#8221; css=&#8221;.vc_custom_1588063095674{padding-top: 40px !important;padding-right: 15px !important;padding-bottom: 15px !important;padding-left: 15px !important;}&#8221;][vc_column_inner][vc_column_text]<\/p>\n<h3 style=\"text-align: center;\">GMT Balancier Convexe<\/h3>\n<p class=\"p2\" style=\"text-align: center;\">Greubel Forsey dedica al globo terrestre un nuovo calibro, che sostituisce degnamente i suoi predecessori: \u00e8 l&#8217;interpretazione pi\u00f9 pura e contemporanea della complicazione GMT mai immaginata, profondamente radicata nell&#8217;universo della Maison e dell&#8217;Alta Orologeria.<\/p>\n<p>[\/vc_column_text][\/vc_column_inner][\/vc_row_inner][\/vc_column][vc_column width=&#8221;1\/2&#8243; css=&#8221;.vc_custom_1588071679967{margin-top: 5px !important;margin-right: 5px !important;margin-bottom: 5px !important;margin-left: 5px !important;}&#8221;]<div class=\"wpb_content_element   clearfix\"><style type=\"text\/css\">#ut_ig_69e88e78c66ef .ut-lazy:not(.ut-image-loaded) + .ut-video-module-loading { display:block; }#ut_ig_69e88e78c66ef .ut-lazy.ut-image-loaded + .ut-video-module-loading { display:none; }<\/style><div id=\"ut_ig_69e88e78c66ef\" class=\"ut-image-gallery ut-image-gallery-module  clearfix\" data-settings=\"{&quot;animate&quot;:true,&quot;effect&quot;:&quot;&quot;,&quot;lazy&quot;:true,&quot;delay_animation&quot;:false,&quot;global_delay_animation&quot;:false,&quot;delay_timer&quot;:100,&quot;global_delay_timer&quot;:100}\" ><div  data-count=\"1\" class=\"ut-image-gallery-item ut-animation-done grid-100 tablet-grid-100 mobile-grid-100\"><a  class=\"ut-vc-images-lightbox ut-vc-images-lightbox-group-image\"  data-exthumbimage=\"https:\/\/www.tempoprezioso.it\/wp-content\/uploads\/2024\/02\/GMTConvexe-200x200.jpg\" href=\"https:\/\/www.tempoprezioso.it\/wp-content\/uploads\/2024\/02\/GMTConvexe.jpg\" ><div class=\"ut-image-gallery-image\" ><img loading=\"lazy\" decoding=\"async\"  class=\" ut-lazy skip-lazy\" src=\"data:image\/svg+xml;charset=utf-8,%3Csvg xmlns%3D'http%3A%2F%2Fwww.w3.org%2F2000%2Fsvg' viewBox%3D'0 0 450 450'%2F%3E\" data-src=\"https:\/\/www.tempoprezioso.it\/wp-content\/uploads\/2024\/02\/GMTConvexe.jpg\" width=\"450\" height=\"450\"><\/div><\/a><\/div><div class=\"ut-image-gallery-sizer\"><\/div><div class=\"clear\"><\/div><\/div><\/div>[\/vc_column][\/vc_row][vc_row full_width=&#8221;&#8221; css=&#8221;.vc_custom_1588071750668{margin-top: 0px !important;margin-right: 0px !important;margin-bottom: 0px !important;margin-left: 0px !important;padding-top: 5px !important;padding-right: 5px !important;padding-bottom: 5px !important;padding-left: 5px !important;}&#8221;][vc_column width=&#8221;1\/2&#8243; css=&#8221;.vc_custom_1588062829148{padding-top: 30px !important;padding-right: 30px !important;padding-bottom: 30px !important;padding-left: 30px !important;}&#8221;][vc_row_inner content_placement=&#8221;middle&#8221; css=&#8221;.vc_custom_1588063095674{padding-top: 40px !important;padding-right: 15px !important;padding-bottom: 15px !important;padding-left: 15px !important;}&#8221;][vc_column_inner][vc_column_text]<\/p>\n<h3 style=\"text-align: center;\">Tourbillon 24 Seconds Architecture<\/h3>\n<p class=\"p2\" style=\"text-align: center;\">Il Tourbillon 24 Secondes Architecture \u00e8 diverso da qualsiasi altro segnatempo mai creato da Greubel Forsey. La cassa \u00e8 unica nel suo genere, la struttura funzionale, i componenti scultorei, le loro interazioni meccaniche cineticamente perfette, e il movimento semplicemente spettacolare.<\/p>\n<p class=\"p2\" style=\"text-align: center;\">Questo nuovo calibro Greubel Forsey, racchiuso all\u2019interno di un\u2019inedita cassa a tronco di cono convesso, rappresenta un distacco radicale dall\u2019estetica e dalla costruzione tradizionali del movimento, regalando una vera e propria esperienza architettonica da indossare al polso.<\/p>\n<p>[\/vc_column_text][\/vc_column_inner][\/vc_row_inner][\/vc_column][vc_column width=&#8221;1\/2&#8243; css=&#8221;.vc_custom_1588071679967{margin-top: 5px !important;margin-right: 5px !important;margin-bottom: 5px !important;margin-left: 5px !important;}&#8221;]<div class=\"wpb_content_element   clearfix\"><style type=\"text\/css\">#ut_ig_69e88e78c6a0f .ut-lazy:not(.ut-image-loaded) + .ut-video-module-loading { display:block; }#ut_ig_69e88e78c6a0f .ut-lazy.ut-image-loaded + .ut-video-module-loading { display:none; }<\/style><div id=\"ut_ig_69e88e78c6a0f\" class=\"ut-image-gallery ut-image-gallery-module  clearfix\" data-settings=\"{&quot;animate&quot;:true,&quot;effect&quot;:&quot;&quot;,&quot;lazy&quot;:true,&quot;delay_animation&quot;:false,&quot;global_delay_animation&quot;:false,&quot;delay_timer&quot;:100,&quot;global_delay_timer&quot;:100}\" ><div  data-count=\"1\" class=\"ut-image-gallery-item ut-animation-done grid-100 tablet-grid-100 mobile-grid-100\"><a  class=\"ut-vc-images-lightbox ut-vc-images-lightbox-group-image\"  data-exthumbimage=\"https:\/\/www.tempoprezioso.it\/wp-content\/uploads\/2024\/02\/Tourbillon24secondesArchitecture-200x200.jpg\" href=\"https:\/\/www.tempoprezioso.it\/wp-content\/uploads\/2024\/02\/Tourbillon24secondesArchitecture.jpg\" ><div class=\"ut-image-gallery-image\" ><img loading=\"lazy\" decoding=\"async\"  class=\" ut-lazy skip-lazy\" src=\"data:image\/svg+xml;charset=utf-8,%3Csvg xmlns%3D'http%3A%2F%2Fwww.w3.org%2F2000%2Fsvg' viewBox%3D'0 0 450 450'%2F%3E\" data-src=\"https:\/\/www.tempoprezioso.it\/wp-content\/uploads\/2024\/02\/Tourbillon24secondesArchitecture.jpg\" width=\"450\" height=\"450\"><\/div><\/a><\/div><div class=\"ut-image-gallery-sizer\"><\/div><div class=\"clear\"><\/div><\/div><\/div>[\/vc_column][\/vc_row][\/vc_section]<\/p>\n<\/div>","protected":false},"excerpt":{"rendered":"<p>[vc_section full_width=&#8221;&#8221; css=&#8221;.vc_custom_1588081879529{margin-top: 0px !important;margin-right: 0px !important;margin-bottom: 0px !important;margin-left: 0px !important;border-top-width: 0px !important;border-right-width: 0px !important;border-bottom-width: 0px !important;border-left-width: 0px !important;padding-top: 5px !important;padding-right: 5px !important;padding-bottom: 5px !important;padding-left: 5px !important;border-left-style: solid !important;border-right-style: solid !important;border-top-style: solid !important;border-bottom-style: solid !important;}&#8221;][vc_row full_width=&#8221;&#8221; css=&#8221;.vc_custom_1588071750668{margin-top: 0px !important;margin-right: 0px !important;margin-bottom: 0px !important;margin-left: 0px !important;padding-top: 5px !important;padding-right: 5px !important;padding-bottom: 5px !important;padding-left: 5px !important;}&#8221;][vc_column width=&#8221;1\/2&#8243; css=&#8221;.vc_custom_1588062829148{padding-top: [&hellip;]<\/p>\n","protected":false},"author":2,"featured_media":0,"parent":0,"menu_order":0,"comment_status":"closed","ping_status":"closed","template":"","meta":{"footnotes":""},"class_list":["post-2583","page","type-page","status-publish","hentry"],"_links":{"self":[{"href":"https:\/\/www.tempoprezioso.it\/it\/wp-json\/wp\/v2\/pages\/2583","targetHints":{"allow":["GET"]}}],"collection":[{"href":"https:\/\/www.tempoprezioso.it\/it\/wp-json\/wp\/v2\/pages"}],"about":[{"href":"https:\/\/www.tempoprezioso.it\/it\/wp-json\/wp\/v2\/types\/page"}],"author":[{"embeddable":true,"href":"https:\/\/www.tempoprezioso.it\/it\/wp-json\/wp\/v2\/users\/2"}],"replies":[{"embeddable":true,"href":"https:\/\/www.tempoprezioso.it\/it\/wp-json\/wp\/v2\/comments?post=2583"}],"version-history":[{"count":11,"href":"https:\/\/www.tempoprezioso.it\/it\/wp-json\/wp\/v2\/pages\/2583\/revisions"}],"predecessor-version":[{"id":2624,"href":"https:\/\/www.tempoprezioso.it\/it\/wp-json\/wp\/v2\/pages\/2583\/revisions\/2624"}],"wp:attachment":[{"href":"https:\/\/www.tempoprezioso.it\/it\/wp-json\/wp\/v2\/media?parent=2583"}],"curies":[{"name":"wp","href":"https:\/\/api.w.org\/{rel}","templated":true}]}}