{"id":3,"date":"2020-02-03T14:23:19","date_gmt":"2020-02-03T13:23:19","guid":{"rendered":"https:\/\/www.tempoprezioso.it\/?page_id=3"},"modified":"2020-12-01T15:51:28","modified_gmt":"2020-12-01T14:51:28","slug":"privacy-policy","status":"publish","type":"page","link":"https:\/\/www.tempoprezioso.it\/it\/privacy-policy\/","title":{"rendered":"Privacy Policy"},"content":{"rendered":"<div class=\"wpb-content-wrapper\"><p>[vc_section][vc_row][vc_column]<div class=\"wpb_content_element \"><style type=\"text\/css\">#ut_header_69f2c474eb072 h2.section-title{ font-size: 36px }@media (min-width: 768px) { #ut_header_69f2c474eb072 h2.section-title { line-height: 44px !important; } }<\/style><header id=\"ut_header_69f2c474eb072\" class=\"section-header  ut-no-title-linebreak-mobile ut-no-lead-linebreak-mobile pt-style-2 header-center header-tablet-center header-mobile-center element-with-custom-line-height\"><div class=\"element-with-custom-line-height\" ><h2 data-title=\"PRIVACY POLICY\"  data-responsive-font=\"section_title\" data-responsive-font-settings=\"{&quot;base-font-size&quot;:&quot;36&quot;,&quot;base-line-height&quot;:&quot;44&quot;}\" class=\"section-title  \"><span>PRIVACY POLICY<\/span><\/h2><\/div><\/header><\/div>[\/vc_column][\/vc_row][\/vc_section][vc_section][vc_row][vc_column][vc_column_text]<\/p>\n<h3><strong>Informativa resa all\u2019interessato ai sensi\u00a0del Regolamento UE 2016\/679 (Regolamento)<\/strong><\/h3>\n<p style=\"text-align: left;\">La societ\u00e0 Tempo Prezioso 2002 S.r.l. (anche Tempo Prezioso o Titolare), con sede legale in Milano &#8211; Via Mascagni 20, part. iva 03583760966, in qualit\u00e0 di Titolare del trattamento d\u00e0 atto di quelle che sono le politiche di trattamento dei dati personali da lei forniti.<\/p>\n<p style=\"text-align: left;\">La struttura del Titolare \u00e8 dotata di un responsabile esterno della protezione dei dati personali (Data Protection Officer o \u201c<strong>DPO<\/strong>\u201d) il quale \u00e8 a disposizione per qualunque informazione inerente il trattamento dei suoi dati personali, inclusa la lista completa dei responsabili del trattamento.<br \/>\nTale responsabile \u00e8 stato eletto nella persona di Stefano Superchi.<\/p>\n<ol style=\"text-align: left;\">\n<li><strong> Finalit\u00e0 del trattamento, base giuridica del trattamento<\/strong><\/li>\n<\/ol>\n<p style=\"text-align: left;\">I suoi dati personali saranno trattati, previo rilascio del suo esplicito consenso ove necessario, per:<\/p>\n<ol style=\"text-align: left;\">\n<li><strong>a)<\/strong>erogare i servizi richiesti a Tempo Prezioso;<\/li>\n<li><strong>b)<\/strong>adempiere a specifici obblighi derivanti dalla legge, da regolamenti o dalla normativa comunitaria, o soddisfare richieste provenienti dalle autorit\u00e0;<\/li>\n<li><strong>c)<\/strong>inviarLe materiale informativo e promozionale inerente i servizi e i prodotti di Tempo Prezioso; le comunicazioni commerciali potranno essere effettuate via email, posta cartacea, telefono, sms e tramite utilizzo delle pagine ufficiali di Tempo Prezioso sui social media;<\/li>\n<li><strong>d)<\/strong>analizzare le sue abitudini e scelte di consumo, anche al fine di inviarLe materiale informativo e promozionale personalizzato (\u201cprofilazione\u201d).<\/li>\n<\/ol>\n<p style=\"text-align: left;\">Il trattamento dei suoi dati personali sub a) trova la sua base giuridica nell\u2019art. 6 (b) del Regolamento e il trattamento sub b) nell\u2019art. 6 (c) del Regolamento. I trattamenti sub c) e d) nell\u2019art. 6 (a) del Regolamento.<\/p>\n<p style=\"text-align: left;\">Il conferimento dei suoi dati personali per le finalit\u00e0 del trattamento di cui alla lettera a) \u00e8 requisito necessario affinch\u00e9 Tempo Prezioso possa erogarle i servizi richiesti.<\/p>\n<p style=\"text-align: left;\">Il consenso ai trattamenti per le finalit\u00e0 di cui alle lettere c) e d) \u00e8 facoltativo e non pregiudica la fruizione dei servizi. In mancanza del suo consenso al trattamento di cui alla lettera c), Tempo Prezioso non Le invier\u00e0 comunicazioni sulle sue iniziative e offerte. In mancanza del suo consenso al trattamento di cui alla lettera d), Tempo Prezioso non potr\u00e0 inviarLe comunicazioni ed informazioni personalizzate ma solo comunicazioni generiche: Le raccomandiamo pertanto se desidera ricevere comunicazioni adatte ai suoi interessi di rilasciarlo.<\/p>\n<p style=\"text-align: left;\">In ogni caso si precisa che qualora desiderasse opporsi al trattamento dei suoi dati per le finalit\u00e0 di marketing effettuato con uno o pi\u00f9 dei mezzi sopra indicati alla lettera c) potr\u00e0 in qualunque momento farlo scrivendo all\u2019indirizzo fisico del Titolare (cd \u201copt-out selettivo\u201d) come previsto dalla normativa pro-tempre vigente. Lei ha il diritto di revocare il consenso prestato per i trattamenti di cui alle lettere c) e d) in qualunque momento, senza pregiudicare la fruizione dei servizi n\u00e9 la liceit\u00e0 dei trattamenti eseguiti prima della sua operazione.<\/p>\n<ol style=\"text-align: left;\" start=\"2\">\n<li><strong> Dati personali oggetto del trattamento e modalit\u00e0 del trattamento.<\/strong><\/li>\n<\/ol>\n<p style=\"text-align: left;\">Oggetto del trattamento sono i dati personali da Lei forniti (quali a titolo esemplificativo nome, cognome, codice fiscale, partita iva, email e numero di telefono) all\u2019atto della sua registrazione al sito www.tempoprezioso.it (Sito), della sua richiesta di evasione di un ordine relativo all\u2019erogazione di un servizio e\/o all\u2019invio di prodotti o all\u2019invio di materiale. Il Titolare tratter\u00e0 i suoi dati personali con strumenti manuali, informatici e telematici e in ogni caso con strumenti idonei a garantire la sicurezza e la riservatezza dei dati stessi.<\/p>\n<p style=\"text-align: left;\">Oltre a questi dati personali, in particolare saranno altres\u00ec trattati dal Titolare i dati descritti nei seguenti paragrafi:<\/p>\n<p style=\"text-align: left;\"><strong>2.1\u00a0<\/strong>Dati di navigazione applicabile in caso di raccolta di dati online<\/p>\n<p style=\"text-align: left;\">I sistemi informatici e le procedure software preposte al funzionamento del Sito acquisiscono, nel corso del loro normale esercizio, alcuni dati personali la cui trasmissione \u00e8 implicita nell\u2019uso dei protocolli di comunicazione di Internet. Si tratta di informazioni che potrebbero, attraverso elaborazioni ed associazioni con dati detenuti da terzi permettere di identificare gli utenti. In questa categoria di dati rientrano gli indirizzi IP o i nomi a dominio dei computer utilizzati dagli utenti che si connettono al Sito, il tipo di browser usato, il sistema operativo utilizzato, la data e l\u2019ora della visita, l\u2019Url delle pagine consultate e altri dati di navigazione come il downloading effettuato. Questi dati vengono utilizzati al solo fine di ricavare informazioni statistiche anonime sull\u2019uso del Sito per controllarne il corretto funzionamento, per identificare anomalie e\/o abusi e vengono cancellati immediatamente dopo l\u2019elaborazione. Tali dati potrebbero essere utilizzati per individuare eventuali responsabilit\u00e0 in caso di ipotetici reati informatici ai danni del Sito o di terzi.<\/p>\n<p style=\"text-align: left;\"><strong>2.2\u00a0<\/strong>Eventuali dati personali di terzi forniti dall\u2019utente del Sito<\/p>\n<p style=\"text-align: left;\">Il Titolare pu\u00f2 ricevere saltuariamente informazioni da altre fonti, come contatti commerciali, e pu\u00f2 incrociare queste informazioni con le informazioni gi\u00e0 disponibili. Se Lei trasmette al Titolare del trattamento l\u2019informazione di un altro utente (o se una terza parte ci trasmette l\u2019informazione in suo nome) Lei si pone come autonomo titolare del trattamento assumendosi tutti gli obblighi e le responsabilit\u00e0 di legge. In tal caso Lei conferisce al Titolare la pi\u00f9 ampia manleva rispetto ad ogni contestazione, pretesa e richiesta di risarcimento del danno da trattamento che dovesse giungere al Titolare da terzi soggetti i cui dati personali siano stati trattati attraverso il suo utilizzo dei servizi del Sito. In ogni caso qualora Lei fornisca o in altro modo tratti dati personali di terzi nell\u2019utilizzo del Sito garantisce fin da ora, assumendosene ogni connessa responsabilit\u00e0, che tale particolare ipotesi di trattamento si fonda sulla previa acquisizione \u2013 da parte sua \u2013 del consenso del terzo al trattamento delle informazioni che lo riguardano. Alcuni contenuti del Sito possono inoltre essere offerti in condivisione con terze parti (co-branded). In questi casi, quando Lei trasmette le sue informazioni personali \u00e8 bene che ricordi che queste saranno disponibili sia presso il Titolare e sia presso le terze parti che offrono in condivisione con Tempo Prezioso i medesimi servizi.<\/p>\n<ol style=\"text-align: left;\" start=\"3\">\n<li><strong> Comunicazione dei dati personali.<\/strong><\/li>\n<\/ol>\n<p style=\"text-align: left;\">Destinatari dei suoi dati personali potranno essere soggetti, enti o autorit\u00e0 a cui la comunicazione sia obbligatoria in forza di disposizioni di legge o di regolamento o di ordini delle autorit\u00e0; soggetti autorizzati da Tempo Prezioso di svolgere attivit\u00e0 strettamente correlate all\u2019erogazione dei servizi, debitamente nominati responsabili del trattamento ai sensi dell\u2019art. 28 del Regolamento se del caso o che comunque ricevono precise istruzioni scritte dal Titolare volte a garantire la riservatezza dei suoi dati personali. Una lista aggiornata dei responsabili \u00e8 ottenibile scrivendo all\u2019indirizzo fisico del Titolare. I suoi dati personali non sono soggetti a diffusione.<\/p>\n<ol style=\"text-align: left;\" start=\"4\">\n<li><strong> Durata del trattamento dei dati personali.<\/strong><\/li>\n<\/ol>\n<p style=\"text-align: left;\">I dati saranno conservati per il tempo necessario a perseguire le finalit\u00e0 per le quali sono stati raccolti o fino a quando Lei non eserciti il suo diritto di opposizione al trattamento, salve le facolt\u00e0 o gli obblighi di conservazione previsti dalla normativa in vigore.<\/p>\n<ol style=\"text-align: left;\" start=\"5\">\n<li><strong> Trasferimento dei dati personali all\u2019estero.<\/strong><\/li>\n<\/ol>\n<p style=\"text-align: left;\">I dati possono essere trasferiti, sempre per le finalit\u00e0 di cui al punto 1, nell\u2019ambito dei Paesi dell\u2019Unione Europea. Resta inteso che qualora i suoi dati siano oggetto di trasferimento all\u2019estero, in paesi al di fuori dell\u2019Unione Europea, il Titolare assicura sin da ora che il trasferimento avverr\u00e0 in conformit\u00e0 alle disposizioni di legge applicabili e adottando tutte le garanzie adeguate ai sensi dell\u2019art. 46 par. 1 del Regolamento.<\/p>\n<ol style=\"text-align: left;\" start=\"6\">\n<li><strong> Diritto dell\u2019interessato.<\/strong><\/li>\n<\/ol>\n<p style=\"text-align: left;\">Nella sua qualit\u00e0 di interessato, gli artt. 15 e ss. del Regolamento Le attribuiscono il diritto di ottenere dal Titolare la conferma che sia o meno in corso un trattamento di dati personali che la riguardano e in tal caso, di ottenere l&#8217;accesso ai dati personali e alle seguenti informazioni: a) le finalit\u00e0 del trattamento; b) le categorie di dati personali in questione; c) i destinatari o le categorie di destinatari a cui i dati personali sono stati o saranno comunicati, in particolare se destinatari di paesi terzi o organizzazioni internazionali; d) quando possibile, il periodo di conservazione dei dati personali previsto oppure, se non \u00e8 possibile, i criteri utilizzati per determinare tale periodo; e) l&#8217;esistenza del diritto dell&#8217;interessato di chiedere al titolare del trattamento la rettifica o la cancellazione dei dati personali o la limitazione del trattamento dei dati personali che lo riguardano o di opporsi al loro trattamento; f) il diritto di proporre reclamo a un&#8217;autorit\u00e0 di controllo; g) qualora i dati non siano raccolti presso l&#8217;interessato, tutte le informazioni disponibili sulla loro origine; h) l&#8217;esistenza di un processo decisionale automatizzato, compresa la profilazione di cui all&#8217;articolo 22, paragrafi 1 e 4 del Regolamento, e, almeno in tali casi, informazioni significative sulla logica utilizzata, nonch\u00e9 l&#8217;importanza e le conseguenze previste di tale trattamento per l&#8217;interessato.<\/p>\n<p style=\"text-align: left;\">Nella sua qualit\u00e0 di interessato in qualunque momento pu\u00f2 chiedere al Titolare, ai sensi degli artt. 16 e 17 del Regolamento, la rettifica dei suoi dati, la cancellazione degli stessi o di opporsi al loro trattamento nonch\u00e9 di chiedere la limitazione del trattamento nei casi previsti dall\u2019art. 18 del Regolamento. Lei ha il diritto di ottenere una copia dei propri dati in un formato strutturato, di uso comune e leggibile nei casi previsti dall\u2019art. 20 del Regolamento.<\/p>\n<p style=\"text-align: left;\">Per il testo integrale del Regolamento \u00e8 possibile consultare il sito del Garante della Privacy: <a href=\"https:\/\/www.garanteprivacy.it\/web\/guest\/il-testo-del-regolamento\">Regolamento UE 2016\/679<\/a>.<\/p>\n<p style=\"text-align: left;\"><strong>\u00a0<\/strong><\/p>\n<p style=\"text-align: left;\">Per esercitare i diritti previsti dall\u2019art. 15 del Regolamento l\u2019interessato dovr\u00e0 indirizzare richiesta scritta a: Tempo Prezioso 2002 S.r.l., part. iva 03583760966, con sede legale in 20144 Milano, via Tortona 72. Tel. 02.45485223, e-mail <a href=\"mailto:info@tempoprezioso.it\">info@tempoprezioso.it<\/a>, pec. tempoprezioso@legalmail.it<\/p>\n<p style=\"text-align: left;\"><strong>Titolare del trattamento dei dati personali\u00a0<\/strong>\u00e8 Tempo Prezioso 2002 S.r.l., cod. fisc\/part. iva 03583760966, con sede legale in 20122 Milano, via Mascagni 20.<\/p>\n<p>[\/vc_column_text][\/vc_column][\/vc_row][vc_row][vc_column]<div class=\"wpb_content_element \"><style type=\"text\/css\">#ut_header_69f2c474ef035 h2.section-title{ font-size: 36px }@media (min-width: 768px) { #ut_header_69f2c474ef035 h2.section-title { line-height: 44px !important; } }<\/style><header id=\"ut_header_69f2c474ef035\" class=\"section-header  ut-no-title-linebreak-mobile ut-no-lead-linebreak-mobile pt-style-2 header-center header-tablet-center header-mobile-center element-with-custom-line-height\"><div class=\"element-with-custom-line-height\" ><h2 data-title=\"INFORMATIVA COOKIE\"  data-responsive-font=\"section_title\" data-responsive-font-settings=\"{&quot;base-font-size&quot;:&quot;36&quot;,&quot;base-line-height&quot;:&quot;44&quot;}\" class=\"section-title  \"><span>INFORMATIVA COOKIE<\/span><\/h2><\/div><\/header><\/div>[\/vc_column][\/vc_row][vc_row][vc_column][vc_column_text]Il presente sito web utilizza cookie tecnici per garantire il corretto funzionamento delle procedure e migliorare l\u2019esperienza di uso delle applicazioni online. Il presente documento fornisce informazioni sull\u2019uso dei cookie e di tecnologie similari, su come sono utilizzati dal sito e su come gestirli.<\/p>\n<p><b>Definizioni<\/b><\/p>\n<p>I cookie sono piccoli file di testo che i siti visitati dagli utenti inviano ai loro terminali, ove vengono memorizzati per essere poi ritrasmessi agli stessi siti alla visita successiva. I cookie delle c.d. \u201cterze parti\u201d vengono, invece, impostati da un sito web diverso da quello che l\u2019utente sta visitando. Questo perch\u00e9 su ogni sito possono essere presenti elementi (immagini, mappe, suoni, specifici link a pagine web di altri domini, ecc.) che risiedono su server diversi da quello del sito visitato.<\/p>\n<p><b>Tipologie di cookie<\/b><\/p>\n<p>In base alle caratteristiche e all\u2019utilizzo dei cookie si possono distinguere diverse categorie:<\/p>\n<p>\u2013 Cookie tecnici. I cookie tecnici sono quelli utilizzati al solo fine di \u201ceffettuare la trasmissione di una comunicazione su una rete di comunicazione elettronica, o nella misura strettamente necessaria al fornitore di un servizio della societ\u00e0 dell\u2019informazione esplicitamente richiesto dall\u2019abbonato o dall\u2019utente a erogare tale servizio\u201d (cfr. art. 122, comma 1, del Codice).Essi non vengono utilizzati per scopi ulteriori e sono normalmente installati direttamente dal titolare o gestore del sito web. Possono essere suddivisi in cookie di navigazione o di sessione, che garantiscono la normale navigazione e fruizione del sito web; cookie analytics, assimilati ai cookie tecnici laddove utilizzati direttamente dal gestore del sito per raccogliere informazioni, in forma aggregata, sul numero degli utenti e su come questi visitano il sito stesso; cookie di funzionalit\u00e0, che permettono all\u2019utente la navigazione in funzione di una serie di criteri selezionati al fine di migliorare il servizio reso allo stesso. Per l\u2019installazione di tali cookie non \u00e8 richiesto il preventivo consenso degli utenti, mentre resta fermo l\u2019obbligo di dare l\u2019informativa ai sensi dell\u2019art. 13 del Codice, che il gestore del sito, qualora utilizzi soltanto tali dispositivi, potr\u00e0 fornire con le modalit\u00e0 che ritiene pi\u00f9 idonee.<\/p>\n<p>\u2013 Cookie di profilazione. I cookie di profilazione sono volti a creare profili relativi all\u2019utente e vengono utilizzati al fine di inviare messaggi pubblicitari in linea con le preferenze manifestate dallo stesso nell\u2019ambito della navigazione in rete. In ragione della particolare invasivit\u00e0 che tali dispositivi possono avere nell\u2019ambito della sfera privata degli utenti, la normativa europea e italiana prevede che l\u2019utente debba essere adeguatamente informato sull\u2019uso degli stessi ed esprimere cos\u00ec il proprio valido consenso. Ad essi si riferisce l\u2019art. 122 del Codice laddove prevede che \u201cl\u2019archiviazione delle informazioni nell\u2019apparecchio terminale di un contraente o di un utente o l\u2019accesso a informazioni gi\u00e0 archiviate sono consentiti unicamente a condizione che il contraente o l\u2019utente abbia espresso il proprio consenso dopo essere stato informato con le modalit\u00e0 semplificate di cui all\u2019articolo 13, comma 3\u201d (art. 122, comma 1, del Codice). Il presente sito non utilizza cookie di profilazione.<\/p>\n<p><b>Cookie di \u201cterze parti\u201d<\/b><\/p>\n<p>Visitando il presente sito web si potrebbero ricevere cookie da siti gestiti da altre organizzazioni (\u201cterze parti\u201d). Un esempio \u00e8 rappresentato dalla presenza dei \u201csocial plugin\u201d per Facebook, Twitter, Google+ o LinkedIn, oppure sistemi di visualizzazione di contenuti multimediali embedded (integrati) come ad esempio Youtube, Flikr. Si tratta di parti generate direttamente dai suddetti siti ed integrati nella pagina web del sito ospitante visitato. La presenza di questi plugin comporta la trasmissione di cookie da e verso tutti i siti gestiti da terze parti. La gestione delle informazioni raccolte da \u201cterze parti\u201d \u00e8 disciplinata dalle relative informative cui si prega di fare riferimento. Per garantire una maggiore trasparenza e comodit\u00e0, si riportano qui di seguito gli indirizzi web delle diverse informative e delle modalit\u00e0 per la gestione dei cookie.<br \/>\nFacebook informativa: https:\/\/www.facebook.com\/help\/cookies\/<br \/>\nFacebook (configurazione): accedere al proprio account. Sezione privacy.<br \/>\nTwitter informative: https:\/\/support.twitter.com\/articles\/20170514<br \/>\nTwitter (configurazione): https:\/\/twitter.com\/settings\/security<br \/>\nYoutube\\Google+ informativa: http:\/\/www.google.it\/intl\/it\/policies\/technologies\/cookies\/<br \/>\nYoutube\\Google+ (configurazione): http:\/\/www.google.it\/intl\/it\/policies\/technologies\/managing\/<br \/>\nPinterest informativa\\configurazione https:\/\/about.pinterest.com\/it\/privacy-policy<br \/>\nFlikr\\Yahoo informativa http:\/\/info.yahoo.com\/privacy\/it\/yahoo\/cookies\/details.html<br \/>\nFlikr\\Yahoo (configurazione) http:\/\/info.yahoo.com\/privacy\/it\/yahoo\/opt_out\/targeting\/details.html<\/p>\n<p><b>Cookie analytics<\/b><\/p>\n<p>Google Analytics<br \/>\nIl sito include anche componenti trasmesse da Google Analytics, un servizio di analisi del traffico web fornito da Google, Inc. (\u201cGoogle\u201d). Tali cookie sono usati al solo fine di monitorare e migliorare le prestazioni del sito. Per ulteriori informazioni, si rinvia al link di seguito indicato:<br \/>\nhttps:\/\/www.google.it\/policies\/privacy\/partners\/<br \/>\nL\u2019utente pu\u00f2 disabilitare in modo selettivo l\u2019azione di Google Analytics installando sul proprio browser la componente di opt-out fornito da Google. Per disabilitare l\u2019azione di Google Analytics, si rinvia al link di seguito indicato:<br \/>\nhttps:\/\/tools.google.com\/dlpage\/gaoptout<\/p>\n<p><b>Durata dei cookie<\/b><\/p>\n<p>Alcuni cookie (cookie di sessione) restano attivi solo fino alla chiusura del browser o all\u2019esecuzione dell\u2019eventuale comando di logout. Altri cookie \u201csopravvivono\u201d alla chiusura del browser e sono disponibili anche in successive visite dell\u2019utente. Questi cookie sono detti persistenti e la loro durata \u00e8 fissata dal server al momento della loro creazione. In alcuni casi \u00e8 fissata una scadenza, in altri casi la durata \u00e8 illimitata.<\/p>\n<p><b>Gestione dei cookie<\/b><\/p>\n<p>L\u2019utente pu\u00f2 decidere se accettare o meno i cookie utilizzando le impostazioni del proprio browser.<br \/>\nAttenzione: con la disabilitazione totale o parziale dei cookie tecnici potrebbe compromettere l\u2019utilizzo ottimale del sito.<br \/>\nLa disabilitazione dei cookie \u201cterze parti\u201d non pregiudica in alcun modo la navigabilit\u00e0.<br \/>\nL\u2019impostazione pu\u00f2 essere definita in modo specifico per i diversi siti e applicazioni web. Inoltre i browser consentono di definire impostazioni diverse per i cookie \u201cproprietari\u201d e per quelli di \u201cterze parti\u201d. A titolo di esempio, in Firefox, attraverso il menu Strumenti-&gt;Opzioni-&gt;Privacy, \u00e8 possibile accedere ad un pannello di controllo dove \u00e8 possibile definire se accettare o meno i diversi tipi di cookie e procedere alla loro rimozione. In internet \u00e8 facilmente reperibile la documentazione su come impostare le regole di gestione dei cookies per il proprio browser, a titolo di esempio si riportano alcuni indirizzi relativi ai principali browser:<br \/>\nChrome: https:\/\/support.google.com\/chrome\/answer\/95647?hl=it<br \/>\nFirefox: https:\/\/support.mozilla.org\/it\/kb\/Gestione%20dei%20cookie<br \/>\nInternet Explorer: http:\/\/windows.microsoft.com\/it-it\/windows7\/how-to-manage-cookies-in-internet-explorer-9<br \/>\nOpera: http:\/\/help.opera.com\/Windows\/10.00\/it\/cookies.html<br \/>\nSafari: http:\/\/support.apple.com\/kb\/HT1677?viewlocale=it_IT[\/vc_column_text][\/vc_column][\/vc_row][\/vc_section]<\/p>\n<\/div>","protected":false},"excerpt":{"rendered":"<p>[vc_section][vc_row][vc_column][\/vc_column][\/vc_row][\/vc_section][vc_section][vc_row][vc_column][vc_column_text] Informativa resa all\u2019interessato ai sensi\u00a0del Regolamento UE 2016\/679 (Regolamento) La societ\u00e0 Tempo Prezioso 2002 S.r.l. (anche Tempo Prezioso o Titolare), con sede legale in Milano &#8211; Via Mascagni 20, part. iva 03583760966, in qualit\u00e0 di Titolare del trattamento d\u00e0 atto di quelle che sono le politiche di trattamento dei dati personali da lei forniti. [&hellip;]<\/p>\n","protected":false},"author":1,"featured_media":0,"parent":0,"menu_order":0,"comment_status":"closed","ping_status":"open","template":"","meta":{"footnotes":""},"class_list":["post-3","page","type-page","status-publish","hentry"],"_links":{"self":[{"href":"https:\/\/www.tempoprezioso.it\/it\/wp-json\/wp\/v2\/pages\/3","targetHints":{"allow":["GET"]}}],"collection":[{"href":"https:\/\/www.tempoprezioso.it\/it\/wp-json\/wp\/v2\/pages"}],"about":[{"href":"https:\/\/www.tempoprezioso.it\/it\/wp-json\/wp\/v2\/types\/page"}],"author":[{"embeddable":true,"href":"https:\/\/www.tempoprezioso.it\/it\/wp-json\/wp\/v2\/users\/1"}],"replies":[{"embeddable":true,"href":"https:\/\/www.tempoprezioso.it\/it\/wp-json\/wp\/v2\/comments?post=3"}],"version-history":[{"count":9,"href":"https:\/\/www.tempoprezioso.it\/it\/wp-json\/wp\/v2\/pages\/3\/revisions"}],"predecessor-version":[{"id":2117,"href":"https:\/\/www.tempoprezioso.it\/it\/wp-json\/wp\/v2\/pages\/3\/revisions\/2117"}],"wp:attachment":[{"href":"https:\/\/www.tempoprezioso.it\/it\/wp-json\/wp\/v2\/media?parent=3"}],"curies":[{"name":"wp","href":"https:\/\/api.w.org\/{rel}","templated":true}]}}